{"id":528,"date":"2016-05-11T13:52:53","date_gmt":"2016-05-11T13:52:53","guid":{"rendered":"http:\/\/wpoffice\/enfold-fitness\/?page_id=528"},"modified":"2025-11-21T18:45:27","modified_gmt":"2025-11-21T17:45:27","slug":"timetable","status":"publish","type":"page","link":"https:\/\/www.stylissimo-dancestudio.de\/?page_id=528","title":{"rendered":"Timetable"},"content":{"rendered":"<div id='av_section_1'  class='avia-section av-of2oi0-664ff76cee9d9dc4da449d58f990ce25 main_color avia-section-large avia-no-border-styling  avia-builder-el-0  el_before_av_section  avia-builder-el-first  avia-bg-style-scroll container_wrap sidebar_right'  ><div class='container av-section-cont-open' ><main  role=\"main\" itemprop=\"mainContentOfPage\"  class='template-page content  av-content-small alpha units'><div class='post-entry post-entry-type-page post-entry-528'><div class='entry-content-wrapper clearfix'>\n\n<style type=\"text\/css\" data-created_by=\"avia_inline_auto\" id=\"style-css-av-o84j3k-66f808b137e286f7c5381cc2964ed237\">\n#top .av-special-heading.av-o84j3k-66f808b137e286f7c5381cc2964ed237{\npadding-bottom:30px;\nfont-size:70px;\n}\nbody .av-special-heading.av-o84j3k-66f808b137e286f7c5381cc2964ed237 .av-special-heading-tag .heading-char{\nfont-size:25px;\n}\n#top #wrap_all .av-special-heading.av-o84j3k-66f808b137e286f7c5381cc2964ed237 .av-special-heading-tag{\nfont-size:70px;\n}\n.av-special-heading.av-o84j3k-66f808b137e286f7c5381cc2964ed237 .av-subheading{\nfont-size:15px;\n}\n\n@media only screen and (min-width: 480px) and (max-width: 767px){ \n#top #wrap_all .av-special-heading.av-o84j3k-66f808b137e286f7c5381cc2964ed237 .av-special-heading-tag{\nfont-size:0.8em;\n}\n}\n\n@media only screen and (max-width: 479px){ \n#top #wrap_all .av-special-heading.av-o84j3k-66f808b137e286f7c5381cc2964ed237 .av-special-heading-tag{\nfont-size:0.8em;\n}\n}\n<\/style>\n<div  class='av-special-heading av-o84j3k-66f808b137e286f7c5381cc2964ed237 av-special-heading-h1 blockquote modern-quote  avia-builder-el-1  avia-builder-el-no-sibling  av-thin-font av-inherit-size'><h1 class='av-special-heading-tag'  itemprop=\"headline\"  >Kursplan<strong>.<\/strong><\/h1><div class=\"special-heading-border\"><div class=\"special-heading-inner-border\"><\/div><\/div><\/div>\n\n<\/div><\/div><\/main><!-- close content main element --><\/div><\/div><div id='av_section_2'  class='avia-section av-ndcc1c-ac8ead195a48a5c975c2d40592b27840 alternate_color avia-section-large avia-no-border-styling  avia-builder-el-2  el_after_av_section  el_before_av_section  avia-bg-style-scroll container_wrap sidebar_right'  ><div class='container av-section-cont-open' ><div class='template-page content  av-content-small alpha units'><div class='post-entry post-entry-type-page post-entry-528'><div class='entry-content-wrapper clearfix'>\n<div class='avia-data-table-wrap av-n80vag-8f353822770f53a5aa30f09df2b7f55d avia_scrollable_table av-small-hide avia-table-1'><table  class='avia-table avia-data-table avia_pricing_minimal  avia-builder-el-3  avia-builder-el-no-sibling '  itemscope=\"itemscope\" itemtype=\"https:\/\/schema.org\/Table\" ><caption> Die Unterrichtszeiten k\u00f6nnen sich \u00e4ndern. Bitte teilen Sie uns Ihre Teilnahme mit, damit wir Sie gegebenenfalls informieren k\u00f6nnen<\/caption><tbody><tr class='avia-heading-row'><th class='avia-desc-col'><\/th><th class=''>MONTAG<\/th><th class=''>DIENSTAG<\/th><th class=''>MITTWOCH<\/th><th class=''>DONNERSTAG<\/th><th class=''>FREITAG<\/th><th class=''>SAMSTAG<\/th><th class=''>SONNTAG<\/th><\/tr><tr class=''><th class='avia-desc-col'>08.00 &#8211; 09.00<\/th><td class=''><\/td><td class=''><\/td><td class=''><\/td><td class=''><\/td><td class=''><\/td><td class=''><\/td><td class=''><\/td><\/tr><tr class=''><th class='avia-desc-col'>09.00 &#8211; 10.00<\/th><td class=''><\/td><td class=''><\/td><td class=''><\/td><td class=''><\/td><td class=''><\/td><td class=''><\/td><td class=''><\/td><\/tr><tr class=''><th class='avia-desc-col'>10.00 &#8211; 11.00<\/th><td class=''><\/td><td class=''><\/td><td class=''><\/td><td class=''><\/td><td class=''><\/td><td class=''><\/td><td class=''><\/td><\/tr><tr class=''><th class='avia-desc-col'>11.00 &#8211; 12.00<\/th><td class=''><\/td><td class=''><\/td><td class=''><\/td><td class=''><\/td><td class=''><\/td><td class=''><\/td><td class=''><\/td><\/tr><tr class=''><th class='avia-desc-col'>12.00 &#8211; 13.00<\/th><td class=''><\/td><td class=''><\/td><td class=''><\/td><td class=''><\/td><td class=''><\/td><td class=''><\/td><td class=''><\/td><\/tr><tr class=''><th class='avia-desc-col'>13.00 &#8211; 14.00<\/th><td class=''><\/td><td class=''><\/td><td class=''><\/td><td class=''><\/td><td class=''><\/td><td class=''><\/td><td class=''><\/td><\/tr><tr class=''><th class='avia-desc-col'>14.00 &#8211; 15.00<\/th><td class=''><\/td><td class=''><\/td><td class=''><\/td><td class=''><\/td><td class=''><\/td><td class=''><\/td><td class=''><\/td><\/tr><tr class='avia-heading-row'><th class='avia-desc-col'>15.00 &#8211; 16.00<\/th><th class=''>&#8211;<\/th><th class=''>&#8211;<\/th><th class=''>&#8211;<\/th><th class=''>&#8211;<\/th><th class=''>&#8211;<\/th><th class=''>&#8211;<\/th><th class=''>&#8211;<\/th><\/tr><tr class=''><th class='avia-desc-col'>16.00 &#8211; 17.00<\/th><td class=''>HIP HOP KIDS MIT TANZERFAHRUNG<\/td><td class=''>BREAKDANCE  KIDS MIT TANZERFAHRUNG<\/td><td class=''>BREAKDANCE KIDS EINSTEIGER <\/td><td class=''>HIP HOP TEENS MIT TANZERFAHRUNG<\/td><td class=''>HIP HOP  KIDS EINSTEIGER<\/td><td class=''><\/td><td class=''><\/td><\/tr><tr class=''><th class='avia-desc-col'>17.00 &#8211; 18.00<\/th><td class=''>BREAKDANCE KIDS EINSTEIGER<\/td><td class=''>BREAKDANCE KIDS EINSTEIGER<\/td><td class=''>HIP HOP KIDS EINSTEIGER<\/td><td class=''>BREAKDANCE ADULTS MIT TANZERFAHRUNG<\/td><td class=''>HIP HOP TEENS MIT TANZERFAHRUNG<\/td><td class=''><\/td><td class=''><\/td><\/tr><tr class=''><th class='avia-desc-col'>18.00 &#8211; 19.00<\/th><td class=''>HIP HOP   TEENS MIT TANZERFAHRUNG<\/td><td class=''>HIP HOP KIDS EINSTEIGER <\/td><td class=''>HIP HOP ADULTS MIT TANZERFAHRUNG<\/td><td class=''>BREAKDANCE ADULTS MIT TANZERFAHRUNG<\/td><td class=''>HIP HOP ADULTS MIT TANZERFAHRUNG<\/td><td class=''><\/td><td class=''><\/td><\/tr><tr class=''><th class='avia-desc-col'>19.00 &#8211; 20.00<\/th><td class=''><\/td><td class=''>DANCEHALL ADULTS MIT TANZERFAHRUNG<\/td><td class=''><\/td><td class=''><\/td><td class=''><\/td><td class=''><\/td><td class=''><\/td><\/tr><tr class=''><th class='avia-desc-col'>20.00 &#8211; 21.00<\/th><td class=''><\/td><td class=''>DANCEHALL EINSTEIGER<\/td><td class=''><\/td><td class=''><\/td><td class=''><\/td><td class=''><\/td><td class=''><\/td><\/tr><\/tbody><\/table><\/div>\n<\/div><\/div><\/div><!-- close content main div --><\/div><\/div>\n<style type=\"text\/css\" data-created_by=\"avia_inline_auto\" id=\"style-css-av-26tf0g-71ef9c77beeeb6e541982554bc499b99\">\n.avia-section.av-26tf0g-71ef9c77beeeb6e541982554bc499b99{\nbackground-repeat:no-repeat;\nbackground-image:url(https:\/\/www.stylissimo-dancestudio.de\/wp-content\/uploads\/2016\/02\/hero-5.jpg);\nbackground-position:50% 50%;\nbackground-attachment:fixed;\n}\n.avia-section.av-26tf0g-71ef9c77beeeb6e541982554bc499b99 .av-section-color-overlay{\nopacity:0.8;\nbackground-color:#000000;\n}\n<\/style>\n<div id='av_section_3'  class='avia-section av-26tf0g-71ef9c77beeeb6e541982554bc499b99 alternate_color avia-section-huge avia-no-border-styling  avia-builder-el-4  el_after_av_section  el_before_av_layout_row  avia-full-stretch avia-bg-style-fixed av-section-color-overlay-active container_wrap sidebar_right'  data-section-bg-repeat='stretch'><div class=\"av-section-color-overlay-wrap\"><div class=\"av-section-color-overlay\"><\/div><div class='container av-section-cont-open' ><div class='template-page content  av-content-small alpha units'><div class='post-entry post-entry-type-page post-entry-528'><div class='entry-content-wrapper clearfix'>\n\n<style type=\"text\/css\" data-created_by=\"avia_inline_auto\" id=\"style-css-av-24xd60-5c64302760f0aa9ee28e40c4aeaf801b\">\n.flex_column.av-24xd60-5c64302760f0aa9ee28e40c4aeaf801b{\n-webkit-border-radius:0px 0px 0px 0px;\n-moz-border-radius:0px 0px 0px 0px;\nborder-radius:0px 0px 0px 0px;\npadding:0px 0px 0px 0px;\n}\n<\/style>\n<div class='flex_column av-24xd60-5c64302760f0aa9ee28e40c4aeaf801b av_one_fifth  avia-builder-el-5  el_before_av_three_fifth  avia-builder-el-first  first flex_column_div av-zero-column-padding '     ><\/div>\n<style type=\"text\/css\" data-created_by=\"avia_inline_auto\" id=\"style-css-av-1wo308-f70d9d7492778eb330c3065231927074\">\n.flex_column.av-1wo308-f70d9d7492778eb330c3065231927074{\n-webkit-border-radius:0px 0px 0px 0px;\n-moz-border-radius:0px 0px 0px 0px;\nborder-radius:0px 0px 0px 0px;\npadding:0px 0px 0px 0px;\n}\n<\/style>\n<div class='flex_column av-1wo308-f70d9d7492778eb330c3065231927074 av_three_fifth  avia-builder-el-6  el_after_av_one_fifth  el_before_av_one_fifth  flex_column_div av-zero-column-padding '     ><p>\n<style type=\"text\/css\" data-created_by=\"avia_inline_auto\" id=\"style-css-av-1sp0jk-383c8136f3bc0b1369529f96f3dac83a\">\n#top .av-special-heading.av-1sp0jk-383c8136f3bc0b1369529f96f3dac83a{\npadding-bottom:20px;\nfont-size:50px;\n}\nbody .av-special-heading.av-1sp0jk-383c8136f3bc0b1369529f96f3dac83a .av-special-heading-tag .heading-char{\nfont-size:25px;\n}\n#top #wrap_all .av-special-heading.av-1sp0jk-383c8136f3bc0b1369529f96f3dac83a .av-special-heading-tag{\nfont-size:50px;\n}\n.av-special-heading.av-1sp0jk-383c8136f3bc0b1369529f96f3dac83a .av-subheading{\nfont-size:15px;\n}\n\n@media only screen and (min-width: 480px) and (max-width: 767px){ \n#top #wrap_all .av-special-heading.av-1sp0jk-383c8136f3bc0b1369529f96f3dac83a .av-special-heading-tag{\nfont-size:0.8em;\n}\n}\n\n@media only screen and (max-width: 479px){ \n#top #wrap_all .av-special-heading.av-1sp0jk-383c8136f3bc0b1369529f96f3dac83a .av-special-heading-tag{\nfont-size:0.8em;\n}\n}\n<\/style>\n<div  class='av-special-heading av-1sp0jk-383c8136f3bc0b1369529f96f3dac83a av-special-heading-h1 blockquote modern-quote modern-centered  avia-builder-el-7  el_before_av_textblock  avia-builder-el-first  av-thin-font av-inherit-size'><h1 class='av-special-heading-tag'  itemprop=\"headline\"  >such dir dein tanzKurs aus<strong>:<\/strong><\/h1><div class=\"special-heading-border\"><div class=\"special-heading-inner-border\"><\/div><\/div><\/div><br \/>\n<section  class='av_textblock_section av-1jy4w8-6499793e7daeb21a2cca9e043521e807'  itemscope=\"itemscope\" itemtype=\"https:\/\/schema.org\/CreativeWork\" ><div class='avia_textblock'  itemprop=\"text\" ><header class=\"entry-content-header\">\n<h3 class=\"iconbox_content_title \">F\u00dcR EINSTEIGER<strong>.<\/strong><\/h3>\n<\/header>\n<div class=\"iconbox_content_container av_inherit_color\">\n<p>Die Einsteigerkurse richten sich an absolute Anf\u00e4nger, die das Tanzen von Grund auf lernen m\u00f6chten. Unsere Coaches nehmen sich viel Zeit und erkl\u00e4ren jeden Schritt in Ruhe und verst\u00e4ndlich.<\/p>\n<\/div>\n<header class=\"entry-content-header\">\n<h3 class=\"iconbox_content_title \">MIT TANZERFAHRUNG <strong>.<\/strong><\/h3>\n<\/header>\n<div class=\"iconbox_content_container av_inherit_color\">\n<p>Hast du bereits andere Kurse besucht oder warst in einer anderen Tanzschule angemeldet und bringst schon etwas Tanzerfahrung mit? Dann k\u00f6nnten diese Kurse genau das Richtige f\u00fcr dich sein! Sprich einfach mit unseren Trainern, um herauszufinden, welcher Kurs am besten zu dir passt.<\/p>\n<\/div>\n<header class=\"entry-content-header\">\n<h3 class=\"iconbox_content_title \">FORTGESCHRITTENE <strong>.<\/strong><\/h3>\n<\/header>\n<div class=\"iconbox_content_container av_inherit_color\">\n<p>Du hast bereits ein solides Fundament und m\u00f6chtest deinen Stil weiter verfeinern und ausbauen? Dann sind unsere Fortgeschrittenen-Kurse genau das Richtige f\u00fcr dich! Unsere erfahrenen Trainer unterst\u00fctzen dich dabei, deinen pers\u00f6nlichen Style gezielt zu optimieren und auf das n\u00e4chste Level zu bringen<\/p>\n<\/div>\n<div class=\"iconbox_content_container av_inherit_color\"><\/div>\n<div class=\"iconbox_content_container av_inherit_color\"><\/div>\n<\/div><\/section><\/p><\/div>\n<style type=\"text\/css\" data-created_by=\"avia_inline_auto\" id=\"style-css-av-1cbj3c-b25c3464baadd3eb43613d91ceb762a3\">\n.flex_column.av-1cbj3c-b25c3464baadd3eb43613d91ceb762a3{\n-webkit-border-radius:0px 0px 0px 0px;\n-moz-border-radius:0px 0px 0px 0px;\nborder-radius:0px 0px 0px 0px;\npadding:0px 0px 0px 0px;\n}\n<\/style>\n<div class='flex_column av-1cbj3c-b25c3464baadd3eb43613d91ceb762a3 av_one_fifth  avia-builder-el-9  el_after_av_three_fifth  avia-builder-el-last  flex_column_div av-zero-column-padding '     ><\/div>\n<\/p>\n<\/div><\/div><\/div><!-- close content main div --><\/div><\/div><\/div><div id='av-layout-grid-1'  class='av-layout-grid-container av-191y2g-d5296e25243d84e92bfa6e543a7c96cf entry-content-wrapper main_color av-flex-cells  avia-builder-el-10  el_after_av_section  avia-builder-el-last  grid-row-not-first  container_wrap sidebar_right'  >\n\n<style type=\"text\/css\" data-created_by=\"avia_inline_auto\" id=\"style-css-av-15iyb4-bc9821d1407dac9c190e3f420a2bd9b9\">\n.flex_cell.av-15iyb4-bc9821d1407dac9c190e3f420a2bd9b9{\nvertical-align:middle;\nbackground-color:#ffffff;\n}\n.responsive #top #wrap_all .flex_cell.av-15iyb4-bc9821d1407dac9c190e3f420a2bd9b9{\npadding:50px 50px 50px 50px !important;\n}\n<\/style>\n<div class='flex_cell av-15iyb4-bc9821d1407dac9c190e3f420a2bd9b9 av-gridrow-cell av_one_third no_margin  avia-builder-el-11  el_before_av_cell_one_third  avia-builder-el-first  avia-full-stretch' ><div class='flex_cell_inner'>\n<style type=\"text\/css\" data-created_by=\"avia_inline_auto\" id=\"style-css-av-37uxk-8f2d3ba43d866ce214ee112317877e0b\">\n#top .avia-animated-number.av-37uxk-8f2d3ba43d866ce214ee112317877e0b .avia-animated-number-title{\nfont-size:50px;\ncolor:#0a0a0a;\n}\n#top .avia-animated-number.av-37uxk-8f2d3ba43d866ce214ee112317877e0b .avia-animated-number-content{\nfont-size:22px;\ncolor:#444444;\n}\n<\/style>\n<div  class=\"avia-animated-number av-37uxk-8f2d3ba43d866ce214ee112317877e0b av-force-default-color avia_animate_when_visible  avia-builder-el-12  avia-builder-el-no-sibling  avia-color-font-custom \" data-timer=\"3000\"><strong class=\"heading avia-animated-number-title\"><\/strong><div class=\"avia-animated-number-content\"><p>Einsteiger<\/p>\n<\/div><\/div>\n<\/div><\/div>\n<style type=\"text\/css\" data-created_by=\"avia_inline_auto\" id=\"style-css-av-rd8rs-28a009b9d759b455c6f32f7eb70e5939\">\n.flex_cell.av-rd8rs-28a009b9d759b455c6f32f7eb70e5939{\nvertical-align:middle;\nbackground-color:#292929;\n}\n.responsive #top #wrap_all .flex_cell.av-rd8rs-28a009b9d759b455c6f32f7eb70e5939{\npadding:50px 50px 50px 50px !important;\n}\n<\/style>\n<div class='flex_cell av-rd8rs-28a009b9d759b455c6f32f7eb70e5939 av-gridrow-cell av_one_third no_margin  avia-builder-el-13  el_after_av_cell_one_third  el_before_av_cell_one_third  avia-full-stretch' ><div class='flex_cell_inner'>\n<style type=\"text\/css\" data-created_by=\"avia_inline_auto\" id=\"style-css-av-1w640-f28835db7b22b74442bf9c280c11341f\">\n#top .avia-animated-number.av-1w640-f28835db7b22b74442bf9c280c11341f .avia-animated-number-title{\nfont-size:50px;\ncolor:#ffffff;\n}\n#top .avia-animated-number.av-1w640-f28835db7b22b74442bf9c280c11341f .avia-animated-number-content{\nfont-size:22px;\ncolor:#444444;\n}\n<\/style>\n<div  class=\"avia-animated-number av-1w640-f28835db7b22b74442bf9c280c11341f av-force-default-color avia_animate_when_visible  avia-builder-el-14  avia-builder-el-no-sibling  avia-color-font-custom \" data-timer=\"3000\"><strong class=\"heading avia-animated-number-title\"><\/strong><div class=\"avia-animated-number-content\"><p>Mit Tanzerfahrung<\/p>\n<\/div><\/div>\n<\/div><\/div>\n<style type=\"text\/css\" data-created_by=\"avia_inline_auto\" id=\"style-css-av-hlowo-8d80d89cb038a820a9d26949e51c37af\">\n.flex_cell.av-hlowo-8d80d89cb038a820a9d26949e51c37af{\nvertical-align:middle;\nbackground-color:#3c3c3c;\n}\n.responsive #top #wrap_all .flex_cell.av-hlowo-8d80d89cb038a820a9d26949e51c37af{\npadding:50px 50px 50px 50px !important;\n}\n<\/style>\n<div class='flex_cell av-hlowo-8d80d89cb038a820a9d26949e51c37af av-gridrow-cell av_one_third no_margin  avia-builder-el-15  el_after_av_cell_one_third  avia-builder-el-last  avia-full-stretch' ><div class='flex_cell_inner'>\n<style type=\"text\/css\" data-created_by=\"avia_inline_auto\" id=\"style-css-av-7z420-f31809dca241e19f0483afae5b940d70\">\n#top .avia-animated-number.av-7z420-f31809dca241e19f0483afae5b940d70 .avia-animated-number-title{\nfont-size:50px;\ncolor:#ffffff;\n}\n#top .avia-animated-number.av-7z420-f31809dca241e19f0483afae5b940d70 .avia-animated-number-content{\nfont-size:22px;\ncolor:#444444;\n}\n<\/style>\n<div  class=\"avia-animated-number av-7z420-f31809dca241e19f0483afae5b940d70 av-force-default-color avia_animate_when_visible  avia-builder-el-16  avia-builder-el-no-sibling  avia-color-font-custom \" data-timer=\"3000\"><strong class=\"heading avia-animated-number-title\"><span class=\"avia-no-number\">Fortgeschritten <\/span><\/strong><div class=\"avia-animated-number-content\"><\/div><\/div>\n<\/div><\/div>\n<\/div>\n","protected":false},"excerpt":{"rendered":"","protected":false},"author":1,"featured_media":0,"parent":0,"menu_order":0,"comment_status":"closed","ping_status":"closed","template":"","meta":{"footnotes":""},"class_list":["post-528","page","type-page","status-publish","hentry"],"_links":{"self":[{"href":"https:\/\/www.stylissimo-dancestudio.de\/index.php?rest_route=\/wp\/v2\/pages\/528","targetHints":{"allow":["GET"]}}],"collection":[{"href":"https:\/\/www.stylissimo-dancestudio.de\/index.php?rest_route=\/wp\/v2\/pages"}],"about":[{"href":"https:\/\/www.stylissimo-dancestudio.de\/index.php?rest_route=\/wp\/v2\/types\/page"}],"author":[{"embeddable":true,"href":"https:\/\/www.stylissimo-dancestudio.de\/index.php?rest_route=\/wp\/v2\/users\/1"}],"replies":[{"embeddable":true,"href":"https:\/\/www.stylissimo-dancestudio.de\/index.php?rest_route=%2Fwp%2Fv2%2Fcomments&post=528"}],"version-history":[{"count":51,"href":"https:\/\/www.stylissimo-dancestudio.de\/index.php?rest_route=\/wp\/v2\/pages\/528\/revisions"}],"predecessor-version":[{"id":10701,"href":"https:\/\/www.stylissimo-dancestudio.de\/index.php?rest_route=\/wp\/v2\/pages\/528\/revisions\/10701"}],"wp:attachment":[{"href":"https:\/\/www.stylissimo-dancestudio.de\/index.php?rest_route=%2Fwp%2Fv2%2Fmedia&parent=528"}],"curies":[{"name":"wp","href":"https:\/\/api.w.org\/{rel}","templated":true}]}}