{"id":509,"date":"2016-05-11T13:48:28","date_gmt":"2016-05-11T13:48:28","guid":{"rendered":"http:\/\/wpoffice\/enfold-fitness\/?page_id=509"},"modified":"2023-05-02T22:15:21","modified_gmt":"2023-05-02T20:15:21","slug":"classes","status":"publish","type":"page","link":"https:\/\/www.stylissimo-dancestudio.de\/?page_id=509","title":{"rendered":"Classes"},"content":{"rendered":"<div id='av_section_1'  class='avia-section av-1erbkl-375444a3281e51d27dae553763c33f39 main_color avia-section-large avia-no-border-styling  avia-builder-el-0  el_before_av_masonry_entries  avia-builder-el-first  avia-bg-style-scroll container_wrap sidebar_right'  ><div class='container av-section-cont-open' ><main  role=\"main\" itemprop=\"mainContentOfPage\"  class='template-page content  av-content-small alpha units'><div class='post-entry post-entry-type-page post-entry-509'><div class='entry-content-wrapper clearfix'>\n\n<style type=\"text\/css\" data-created_by=\"avia_inline_auto\" id=\"style-css-av-19xhut-124992a709d5ed3a7ca895e2079b0ec4\">\n#top .av-special-heading.av-19xhut-124992a709d5ed3a7ca895e2079b0ec4{\npadding-bottom:30px;\nfont-size:70px;\n}\nbody .av-special-heading.av-19xhut-124992a709d5ed3a7ca895e2079b0ec4 .av-special-heading-tag .heading-char{\nfont-size:25px;\n}\n#top #wrap_all .av-special-heading.av-19xhut-124992a709d5ed3a7ca895e2079b0ec4 .av-special-heading-tag{\nfont-size:70px;\n}\n.av-special-heading.av-19xhut-124992a709d5ed3a7ca895e2079b0ec4 .av-subheading{\nfont-size:15px;\n}\n\n@media only screen and (min-width: 480px) and (max-width: 767px){ \n#top #wrap_all .av-special-heading.av-19xhut-124992a709d5ed3a7ca895e2079b0ec4 .av-special-heading-tag{\nfont-size:0.8em;\n}\n}\n\n@media only screen and (max-width: 479px){ \n#top #wrap_all .av-special-heading.av-19xhut-124992a709d5ed3a7ca895e2079b0ec4 .av-special-heading-tag{\nfont-size:0.8em;\n}\n}\n<\/style>\n<div  class='av-special-heading av-19xhut-124992a709d5ed3a7ca895e2079b0ec4 av-special-heading-h1 blockquote modern-quote  avia-builder-el-1  el_before_av_one_half  avia-builder-el-first  av-thin-font av-inherit-size'><h1 class='av-special-heading-tag'  itemprop=\"headline\"  >Classes<strong>.<\/strong><\/h1><div class=\"special-heading-border\"><div class=\"special-heading-inner-border\"><\/div><\/div><\/div>\n\n<style type=\"text\/css\" data-created_by=\"avia_inline_auto\" id=\"style-css-av-154f59-968a42ac52a002c1459b13064c09eeff\">\n.flex_column.av-154f59-968a42ac52a002c1459b13064c09eeff{\n-webkit-border-radius:0px 0px 0px 0px;\n-moz-border-radius:0px 0px 0px 0px;\nborder-radius:0px 0px 0px 0px;\npadding:0px 0px 0px 0px;\n}\n<\/style>\n<div class='flex_column av-154f59-968a42ac52a002c1459b13064c09eeff av_one_half  avia-builder-el-2  el_after_av_heading  el_before_av_one_half  first flex_column_div av-zero-column-padding '     ><section  class='av_textblock_section av-v3p19-f89db541dffbb8b51efe7d1e04d12b0f'  itemscope=\"itemscope\" itemtype=\"https:\/\/schema.org\/CreativeWork\" ><div class='avia_textblock'  itemprop=\"text\" ><h1 class=\"av-special-heading-tag\">SUCH DIR DEIN TANZKURS AUS<strong>:<\/strong><\/h1>\n<section class=\"av_textblock_section av-1jy4w8-6499793e7daeb21a2cca9e043521e807\">\n<div class=\"avia_textblock\">\n<header class=\"entry-content-header\">\n<h3 class=\"iconbox_content_title \">F\u00dcR EINSTEIGER<strong>.<\/strong><\/h3>\n<\/header>\n<div class=\"iconbox_content_container av_inherit_color\">\n<p>Die Einsteigerkurse sind blutige Anf\u00e4nger gedacht, die das Tanzen von Grund auf neu erlernen m\u00f6chten. Unsere Coaches nehmen sich die n\u00f6tige Zeit un erkl\u00e4ren alles Schritt f\u00fcr Schritt.<\/p>\n<\/div>\n<header class=\"entry-content-header\"><\/header>\n<div class=\"iconbox_content_container av_inherit_color\"><\/div>\n<\/div>\n<\/section>\n<\/div><\/section><\/div>\n<style type=\"text\/css\" data-created_by=\"avia_inline_auto\" id=\"style-css-av-otsbh-ded2534bdab5ecddce1c6745885c5af4\">\n.flex_column.av-otsbh-ded2534bdab5ecddce1c6745885c5af4{\n-webkit-border-radius:0px 0px 0px 0px;\n-moz-border-radius:0px 0px 0px 0px;\nborder-radius:0px 0px 0px 0px;\npadding:0px 0px 0px 0px;\n}\n<\/style>\n<div class='flex_column av-otsbh-ded2534bdab5ecddce1c6745885c5af4 av_one_half  avia-builder-el-4  el_after_av_one_half  el_before_av_hr  flex_column_div av-zero-column-padding '     ><section  class='av_textblock_section av-1zwct-bd28e538613b1e5479f391581b561e0a'  itemscope=\"itemscope\" itemtype=\"https:\/\/schema.org\/CreativeWork\" ><div class='avia_textblock'  itemprop=\"text\" ><header class=\"entry-content-header\">\n<h3 class=\"iconbox_content_title \">MIT TANZERFAHRUNG <strong>.<\/strong><\/h3>\n<\/header>\n<div class=\"iconbox_content_container av_inherit_color\">\n<p>Du hast schon vorher andere Kurse besucht, oder warst bisschen in einer andere Tanzschule angemeldet und bringst bereits etwas Erfahrung mit? Dann kommen diese Kurse f\u00fcr dich in Frage. Informiere Dich bei unseren Trainern, welche Kurs f\u00fcr dich am sinnvollsten ist.<\/p>\n<\/div>\n<header class=\"entry-content-header\">\n<h3 class=\"iconbox_content_title \">FORTGESCHRITTENE <strong>.<\/strong><\/h3>\n<\/header>\n<div class=\"iconbox_content_container av_inherit_color\">\n<p>Du bist bereits gut in dem was du tust und m\u00f6chtest deinen Stil nur noch verbessern und erweitern? dann sind die Fortgeschrittenen-Kurse ideal f\u00fcr deine Anforderungen! Unsere Trainer helfen dir deinen Style zu verbessern und auszubauen.<\/p>\n<\/div>\n<\/div><\/section><\/div>\n<style type=\"text\/css\" data-created_by=\"avia_inline_auto\" id=\"style-css-av-hl8ot-31d96f74e8a3178de1107881e114dbd0\">\n#top .hr.hr-invisible.av-hl8ot-31d96f74e8a3178de1107881e114dbd0{\nheight:50px;\n}\n<\/style>\n<div  class='hr av-hl8ot-31d96f74e8a3178de1107881e114dbd0 hr-invisible  avia-builder-el-6  el_after_av_one_half  avia-builder-el-last '><span class='hr-inner '><span class=\"hr-inner-style\"><\/span><\/span><\/div>\n\n<style type=\"text\/css\" data-created_by=\"avia_inline_auto\" id=\"style-css-av-8k0ct-b6d77a3bd356dccd952731a9b8bd1ca0\">\n#top .av-masonry.av-8k0ct-b6d77a3bd356dccd952731a9b8bd1ca0{\nbackground-color:#191919;\n}\n<\/style>\n<div id='av-masonry-1' class='av-masonry av-8k0ct-b6d77a3bd356dccd952731a9b8bd1ca0 noHover av-flex-size av-large-gap av-hover-overlay-active av-masonry-animation-active av-masonry-col-3 av-caption-always av-caption-style- av-masonry-entries ' data-post_id=\"509\"><div class=\"av-masonry-container isotope av-js-disabled\"><div class='av-masonry-entry isotope-item av-masonry-item-no-image '><\/div><a href=\"https:\/\/www.stylissimo-dancestudio.de\/?portfolio=aerobics\"  id='av-masonry-1-item-576' data-av-masonry-item='576' class='av-masonry-entry isotope-item post-576 portfolio type-portfolio status-publish has-post-thumbnail hentry portfolio_entries-classes  av-masonry-item-with-image' title=\"HIP HOP\"   itemscope=\"itemscope\" itemtype=\"https:\/\/schema.org\/CreativeWork\" ><div class='av-inner-masonry-sizer'><\/div><figure class='av-inner-masonry main_color'><div class=\"av-masonry-outerimage-container\"><div class='av-masonry-image-container'   ><img decoding=\"async\" width=\"705\" height=\"470\" class=\"wp-image-9813 avia-img-lazy-loading-not-9813\"  src=\"https:\/\/www.stylissimo-dancestudio.de\/wp-content\/uploads\/2016\/05\/200308-0332-705x470.jpg\" title=\"HIP HOP\" alt=\"\" srcset=\"https:\/\/www.stylissimo-dancestudio.de\/wp-content\/uploads\/2016\/05\/200308-0332-705x470.jpg 705w, https:\/\/www.stylissimo-dancestudio.de\/wp-content\/uploads\/2016\/05\/200308-0332-300x200.jpg 300w, https:\/\/www.stylissimo-dancestudio.de\/wp-content\/uploads\/2016\/05\/200308-0332-1030x687.jpg 1030w, https:\/\/www.stylissimo-dancestudio.de\/wp-content\/uploads\/2016\/05\/200308-0332-768x512.jpg 768w, https:\/\/www.stylissimo-dancestudio.de\/wp-content\/uploads\/2016\/05\/200308-0332-1536x1024.jpg 1536w, https:\/\/www.stylissimo-dancestudio.de\/wp-content\/uploads\/2016\/05\/200308-0332-2048x1366.jpg 2048w, https:\/\/www.stylissimo-dancestudio.de\/wp-content\/uploads\/2016\/05\/200308-0332-1500x1000.jpg 1500w\" sizes=\"(max-width: 705px) 100vw, 705px\" \/><\/div><\/div><figcaption class='av-inner-masonry-content site-background'><div class='av-inner-masonry-content-pos'><div class='av-inner-masonry-content-pos-content'><div class='avia-arrow'><\/div><h3 class='av-masonry-entry-title entry-title '  itemprop=\"headline\" >HIP HOP<\/h3><\/div><\/div><\/figcaption><\/figure><\/a><!--end av-masonry entry--><a href=\"https:\/\/www.stylissimo-dancestudio.de\/?portfolio=crossfit\"  id='av-masonry-1-item-577' data-av-masonry-item='577' class='av-masonry-entry isotope-item post-577 portfolio type-portfolio status-publish has-post-thumbnail hentry portfolio_entries-classes  av-masonry-item-with-image' title=\"HIP HOP\"   itemscope=\"itemscope\" itemtype=\"https:\/\/schema.org\/CreativeWork\" ><div class='av-inner-masonry-sizer'><\/div><figure class='av-inner-masonry main_color'><div class=\"av-masonry-outerimage-container\"><div class='av-masonry-image-container'   ><img decoding=\"async\" width=\"705\" height=\"470\" class=\"wp-image-9646 avia-img-lazy-loading-not-9646\"  src=\"https:\/\/www.stylissimo-dancestudio.de\/wp-content\/uploads\/2023\/04\/200308-0300-705x470.jpg\" title=\"HIP HOP\" alt=\"\" srcset=\"https:\/\/www.stylissimo-dancestudio.de\/wp-content\/uploads\/2023\/04\/200308-0300-705x470.jpg 705w, https:\/\/www.stylissimo-dancestudio.de\/wp-content\/uploads\/2023\/04\/200308-0300-300x200.jpg 300w, https:\/\/www.stylissimo-dancestudio.de\/wp-content\/uploads\/2023\/04\/200308-0300-1030x687.jpg 1030w, https:\/\/www.stylissimo-dancestudio.de\/wp-content\/uploads\/2023\/04\/200308-0300-768x512.jpg 768w, https:\/\/www.stylissimo-dancestudio.de\/wp-content\/uploads\/2023\/04\/200308-0300-1536x1024.jpg 1536w, https:\/\/www.stylissimo-dancestudio.de\/wp-content\/uploads\/2023\/04\/200308-0300-2048x1366.jpg 2048w, https:\/\/www.stylissimo-dancestudio.de\/wp-content\/uploads\/2023\/04\/200308-0300-1500x1000.jpg 1500w\" sizes=\"(max-width: 705px) 100vw, 705px\" \/><\/div><\/div><figcaption class='av-inner-masonry-content site-background'><div class='av-inner-masonry-content-pos'><div class='av-inner-masonry-content-pos-content'><div class='avia-arrow'><\/div><h3 class='av-masonry-entry-title entry-title '  itemprop=\"headline\" >HIP HOP<\/h3><\/div><\/div><\/figcaption><\/figure><\/a><!--end av-masonry entry--><a href=\"https:\/\/www.stylissimo-dancestudio.de\/?portfolio=gymnastics\"  id='av-masonry-1-item-579' data-av-masonry-item='579' class='av-masonry-entry isotope-item post-579 portfolio type-portfolio status-publish has-post-thumbnail hentry portfolio_entries-classes  av-masonry-item-with-image' title=\"BREAKDANCE\"   itemscope=\"itemscope\" itemtype=\"https:\/\/schema.org\/CreativeWork\" ><div class='av-inner-masonry-sizer'><\/div><figure class='av-inner-masonry main_color'><div class=\"av-masonry-outerimage-container\"><div class='av-masonry-image-container'   ><img decoding=\"async\" width=\"705\" height=\"470\" class=\"wp-image-9810 avia-img-lazy-loading-not-9810\"  src=\"https:\/\/www.stylissimo-dancestudio.de\/wp-content\/uploads\/2016\/05\/200308-0666-705x470.jpg\" title=\"BREAKDANCE\" alt=\"\" srcset=\"https:\/\/www.stylissimo-dancestudio.de\/wp-content\/uploads\/2016\/05\/200308-0666-705x470.jpg 705w, https:\/\/www.stylissimo-dancestudio.de\/wp-content\/uploads\/2016\/05\/200308-0666-300x200.jpg 300w, https:\/\/www.stylissimo-dancestudio.de\/wp-content\/uploads\/2016\/05\/200308-0666-1030x687.jpg 1030w, https:\/\/www.stylissimo-dancestudio.de\/wp-content\/uploads\/2016\/05\/200308-0666-768x512.jpg 768w, https:\/\/www.stylissimo-dancestudio.de\/wp-content\/uploads\/2016\/05\/200308-0666-1536x1024.jpg 1536w, https:\/\/www.stylissimo-dancestudio.de\/wp-content\/uploads\/2016\/05\/200308-0666-2048x1366.jpg 2048w, https:\/\/www.stylissimo-dancestudio.de\/wp-content\/uploads\/2016\/05\/200308-0666-1500x1000.jpg 1500w\" sizes=\"(max-width: 705px) 100vw, 705px\" \/><\/div><\/div><figcaption class='av-inner-masonry-content site-background'><div class='av-inner-masonry-content-pos'><div class='av-inner-masonry-content-pos-content'><div class='avia-arrow'><\/div><h3 class='av-masonry-entry-title entry-title '  itemprop=\"headline\" >BREAKDANCE<\/h3><\/div><\/div><\/figcaption><\/figure><\/a><!--end av-masonry entry--><a href=\"https:\/\/www.stylissimo-dancestudio.de\/?portfolio=portfolio-big\"  id='av-masonry-1-item-9339' data-av-masonry-item='9339' class='av-masonry-entry isotope-item post-9339 portfolio type-portfolio status-publish has-post-thumbnail hentry portfolio_entries-css portfolio_entries-html  av-masonry-item-with-image' title=\"PJ7A1448\"   itemscope=\"itemscope\" itemtype=\"https:\/\/schema.org\/CreativeWork\" ><div class='av-inner-masonry-sizer'><\/div><figure class='av-inner-masonry main_color'><div class=\"av-masonry-outerimage-container\"><div class='av-masonry-image-container'   ><img decoding=\"async\" width=\"705\" height=\"470\" class=\"wp-image-9614 avia-img-lazy-loading-not-9614\"  src=\"https:\/\/www.stylissimo-dancestudio.de\/wp-content\/uploads\/2011\/12\/PJ7A1448-705x470.jpg\" title=\"PJ7A1448\" alt=\"\" srcset=\"https:\/\/www.stylissimo-dancestudio.de\/wp-content\/uploads\/2011\/12\/PJ7A1448-705x470.jpg 705w, https:\/\/www.stylissimo-dancestudio.de\/wp-content\/uploads\/2011\/12\/PJ7A1448-300x200.jpg 300w, https:\/\/www.stylissimo-dancestudio.de\/wp-content\/uploads\/2011\/12\/PJ7A1448-1030x687.jpg 1030w, https:\/\/www.stylissimo-dancestudio.de\/wp-content\/uploads\/2011\/12\/PJ7A1448-768x512.jpg 768w, https:\/\/www.stylissimo-dancestudio.de\/wp-content\/uploads\/2011\/12\/PJ7A1448-1536x1024.jpg 1536w, https:\/\/www.stylissimo-dancestudio.de\/wp-content\/uploads\/2011\/12\/PJ7A1448-2048x1365.jpg 2048w, https:\/\/www.stylissimo-dancestudio.de\/wp-content\/uploads\/2011\/12\/PJ7A1448-1500x1000.jpg 1500w\" sizes=\"(max-width: 705px) 100vw, 705px\" \/><\/div><\/div><figcaption class='av-inner-masonry-content site-background'><div class='av-inner-masonry-content-pos'><div class='av-inner-masonry-content-pos-content'><div class='avia-arrow'><\/div><h3 class='av-masonry-entry-title entry-title '  itemprop=\"headline\" >JAMING<\/h3><\/div><\/div><\/figcaption><\/figure><\/a><!--end av-masonry entry--><a href=\"https:\/\/www.stylissimo-dancestudio.de\/?portfolio=pumping-iron\"  id='av-masonry-1-item-578' data-av-masonry-item='578' class='av-masonry-entry isotope-item post-578 portfolio type-portfolio status-publish has-post-thumbnail hentry portfolio_entries-classes  av-masonry-item-with-image' title=\"DANCEHALL\"   itemscope=\"itemscope\" itemtype=\"https:\/\/schema.org\/CreativeWork\" ><div class='av-inner-masonry-sizer'><\/div><figure class='av-inner-masonry main_color'><div class=\"av-masonry-outerimage-container\"><div class='av-masonry-image-container'   ><img decoding=\"async\" width=\"564\" height=\"705\" class=\"wp-image-9645 avia-img-lazy-loading-not-9645\"  src=\"https:\/\/www.stylissimo-dancestudio.de\/wp-content\/uploads\/2023\/04\/200308-0456-564x705.jpg\" title=\"DANCEHALL\" alt=\"\" srcset=\"https:\/\/www.stylissimo-dancestudio.de\/wp-content\/uploads\/2023\/04\/200308-0456-564x705.jpg 564w, https:\/\/www.stylissimo-dancestudio.de\/wp-content\/uploads\/2023\/04\/200308-0456-240x300.jpg 240w, https:\/\/www.stylissimo-dancestudio.de\/wp-content\/uploads\/2023\/04\/200308-0456-824x1030.jpg 824w, https:\/\/www.stylissimo-dancestudio.de\/wp-content\/uploads\/2023\/04\/200308-0456-768x960.jpg 768w, https:\/\/www.stylissimo-dancestudio.de\/wp-content\/uploads\/2023\/04\/200308-0456-1229x1536.jpg 1229w, https:\/\/www.stylissimo-dancestudio.de\/wp-content\/uploads\/2023\/04\/200308-0456-1638x2048.jpg 1638w, https:\/\/www.stylissimo-dancestudio.de\/wp-content\/uploads\/2023\/04\/200308-0456-1200x1500.jpg 1200w, https:\/\/www.stylissimo-dancestudio.de\/wp-content\/uploads\/2023\/04\/200308-0456-scaled.jpg 2048w\" sizes=\"(max-width: 564px) 100vw, 564px\" \/><\/div><\/div><figcaption class='av-inner-masonry-content site-background'><div class='av-inner-masonry-content-pos'><div class='av-inner-masonry-content-pos-content'><div class='avia-arrow'><\/div><h3 class='av-masonry-entry-title entry-title '  itemprop=\"headline\" >Dancehall<\/h3><\/div><\/div><\/figcaption><\/figure><\/a><!--end av-masonry entry--><a href=\"https:\/\/www.stylissimo-dancestudio.de\/?portfolio=running-spinning\"  id='av-masonry-1-item-580' data-av-masonry-item='580' class='av-masonry-entry isotope-item post-580 portfolio type-portfolio status-publish has-post-thumbnail hentry portfolio_entries-classes  av-masonry-item-with-image' title=\"PJ7A1443\"   itemscope=\"itemscope\" itemtype=\"https:\/\/schema.org\/CreativeWork\" ><div class='av-inner-masonry-sizer'><\/div><figure class='av-inner-masonry main_color'><div class=\"av-masonry-outerimage-container\"><div class='av-masonry-image-container'   ><img decoding=\"async\" width=\"470\" height=\"705\" class=\"wp-image-10099 avia-img-lazy-loading-not-10099\"  src=\"https:\/\/www.stylissimo-dancestudio.de\/wp-content\/uploads\/2016\/05\/PJ7A1443-470x705.jpg\" title=\"PJ7A1443\" alt=\"\" srcset=\"https:\/\/www.stylissimo-dancestudio.de\/wp-content\/uploads\/2016\/05\/PJ7A1443-470x705.jpg 470w, https:\/\/www.stylissimo-dancestudio.de\/wp-content\/uploads\/2016\/05\/PJ7A1443-200x300.jpg 200w, https:\/\/www.stylissimo-dancestudio.de\/wp-content\/uploads\/2016\/05\/PJ7A1443-687x1030.jpg 687w, https:\/\/www.stylissimo-dancestudio.de\/wp-content\/uploads\/2016\/05\/PJ7A1443-768x1152.jpg 768w, https:\/\/www.stylissimo-dancestudio.de\/wp-content\/uploads\/2016\/05\/PJ7A1443-1024x1536.jpg 1024w, https:\/\/www.stylissimo-dancestudio.de\/wp-content\/uploads\/2016\/05\/PJ7A1443-1365x2048.jpg 1365w, https:\/\/www.stylissimo-dancestudio.de\/wp-content\/uploads\/2016\/05\/PJ7A1443-1000x1500.jpg 1000w, https:\/\/www.stylissimo-dancestudio.de\/wp-content\/uploads\/2016\/05\/PJ7A1443-scaled.jpg 1707w\" sizes=\"(max-width: 470px) 100vw, 470px\" \/><\/div><\/div><figcaption class='av-inner-masonry-content site-background'><div class='av-inner-masonry-content-pos'><div class='av-inner-masonry-content-pos-content'><div class='avia-arrow'><\/div><h3 class='av-masonry-entry-title entry-title '  itemprop=\"headline\" >PRIVAT UNTERRICHT<\/h3><\/div><\/div><\/figcaption><\/figure><\/a><!--end av-masonry entry--><a href=\"https:\/\/www.stylissimo-dancestudio.de\/?portfolio=slider-two-third\"  id='av-masonry-1-item-46' data-av-masonry-item='46' class='av-masonry-entry isotope-item post-46 portfolio type-portfolio status-publish has-post-thumbnail hentry portfolio_entries-classes portfolio_entries-css portfolio_entries-fotos portfolio_entries-html portfolio_entries-photography portfolio_entries-psd portfolio_entries-video  av-masonry-item-with-image' title=\"james bond\"   itemscope=\"itemscope\" itemtype=\"https:\/\/schema.org\/CreativeWork\" ><div class='av-inner-masonry-sizer'><\/div><figure class='av-inner-masonry main_color'><div class=\"av-masonry-outerimage-container\"><div class='av-masonry-image-container'   ><img decoding=\"async\" width=\"705\" height=\"291\" class=\"wp-image-9549 avia-img-lazy-loading-not-9549\"  src=\"https:\/\/www.stylissimo-dancestudio.de\/wp-content\/uploads\/2011\/12\/james-bond-705x291.jpg\" title=\"james bond\" alt=\"\" srcset=\"https:\/\/www.stylissimo-dancestudio.de\/wp-content\/uploads\/2011\/12\/james-bond-705x291.jpg 705w, https:\/\/www.stylissimo-dancestudio.de\/wp-content\/uploads\/2011\/12\/james-bond-300x124.jpg 300w, https:\/\/www.stylissimo-dancestudio.de\/wp-content\/uploads\/2011\/12\/james-bond-1030x425.jpg 1030w, https:\/\/www.stylissimo-dancestudio.de\/wp-content\/uploads\/2011\/12\/james-bond-768x317.jpg 768w, https:\/\/www.stylissimo-dancestudio.de\/wp-content\/uploads\/2011\/12\/james-bond.jpg 1140w\" sizes=\"(max-width: 705px) 100vw, 705px\" \/><\/div><\/div><figcaption class='av-inner-masonry-content site-background'><div class='av-inner-masonry-content-pos'><div class='av-inner-masonry-content-pos-content'><div class='avia-arrow'><\/div><h3 class='av-masonry-entry-title entry-title '  itemprop=\"headline\" >Show Booking<\/h3><\/div><\/div><\/figcaption><\/figure><\/a><!--end av-masonry entry--><a href=\"https:\/\/www.stylissimo-dancestudio.de\/?portfolio=weight-lifting\"  id='av-masonry-1-item-575' data-av-masonry-item='575' class='av-masonry-entry isotope-item post-575 portfolio type-portfolio status-publish has-post-thumbnail hentry portfolio_entries-classes  av-masonry-item-with-image' title=\"FREESTYLE\"   itemscope=\"itemscope\" itemtype=\"https:\/\/schema.org\/CreativeWork\" ><div class='av-inner-masonry-sizer'><\/div><figure class='av-inner-masonry main_color'><div class=\"av-masonry-outerimage-container\"><div class='av-masonry-image-container'   ><img decoding=\"async\" width=\"470\" height=\"705\" class=\"wp-image-9540 avia-img-lazy-loading-not-9540\"  src=\"https:\/\/www.stylissimo-dancestudio.de\/wp-content\/uploads\/2023\/03\/PJ7A1184-470x705.jpg\" title=\"FREESTYLE\" alt=\"\" srcset=\"https:\/\/www.stylissimo-dancestudio.de\/wp-content\/uploads\/2023\/03\/PJ7A1184-470x705.jpg 470w, https:\/\/www.stylissimo-dancestudio.de\/wp-content\/uploads\/2023\/03\/PJ7A1184-200x300.jpg 200w, https:\/\/www.stylissimo-dancestudio.de\/wp-content\/uploads\/2023\/03\/PJ7A1184-687x1030.jpg 687w, https:\/\/www.stylissimo-dancestudio.de\/wp-content\/uploads\/2023\/03\/PJ7A1184-768x1152.jpg 768w, https:\/\/www.stylissimo-dancestudio.de\/wp-content\/uploads\/2023\/03\/PJ7A1184-1024x1536.jpg 1024w, https:\/\/www.stylissimo-dancestudio.de\/wp-content\/uploads\/2023\/03\/PJ7A1184-1365x2048.jpg 1365w, https:\/\/www.stylissimo-dancestudio.de\/wp-content\/uploads\/2023\/03\/PJ7A1184-1000x1500.jpg 1000w, https:\/\/www.stylissimo-dancestudio.de\/wp-content\/uploads\/2023\/03\/PJ7A1184-scaled.jpg 1707w\" sizes=\"(max-width: 470px) 100vw, 470px\" \/><\/div><\/div><figcaption class='av-inner-masonry-content site-background'><div class='av-inner-masonry-content-pos'><div class='av-inner-masonry-content-pos-content'><div class='avia-arrow'><\/div><h3 class='av-masonry-entry-title entry-title '  itemprop=\"headline\" >Freestyle<\/h3><\/div><\/div><\/figcaption><\/figure><\/a><!--end av-masonry entry--><\/div><div class='av-masonry-pagination av-masonry-pagination-pagination'><nav class='pagination'><span class='pagination-meta'>Seite 1 von 0<\/span><\/nav>\n<\/div><\/div><\/p>\n","protected":false},"excerpt":{"rendered":"","protected":false},"author":1,"featured_media":0,"parent":0,"menu_order":0,"comment_status":"closed","ping_status":"closed","template":"","meta":{"footnotes":""},"class_list":["post-509","page","type-page","status-publish","hentry"],"_links":{"self":[{"href":"https:\/\/www.stylissimo-dancestudio.de\/index.php?rest_route=\/wp\/v2\/pages\/509","targetHints":{"allow":["GET"]}}],"collection":[{"href":"https:\/\/www.stylissimo-dancestudio.de\/index.php?rest_route=\/wp\/v2\/pages"}],"about":[{"href":"https:\/\/www.stylissimo-dancestudio.de\/index.php?rest_route=\/wp\/v2\/types\/page"}],"author":[{"embeddable":true,"href":"https:\/\/www.stylissimo-dancestudio.de\/index.php?rest_route=\/wp\/v2\/users\/1"}],"replies":[{"embeddable":true,"href":"https:\/\/www.stylissimo-dancestudio.de\/index.php?rest_route=%2Fwp%2Fv2%2Fcomments&post=509"}],"version-history":[{"count":2,"href":"https:\/\/www.stylissimo-dancestudio.de\/index.php?rest_route=\/wp\/v2\/pages\/509\/revisions"}],"predecessor-version":[{"id":10002,"href":"https:\/\/www.stylissimo-dancestudio.de\/index.php?rest_route=\/wp\/v2\/pages\/509\/revisions\/10002"}],"wp:attachment":[{"href":"https:\/\/www.stylissimo-dancestudio.de\/index.php?rest_route=%2Fwp%2Fv2%2Fmedia&parent=509"}],"curies":[{"name":"wp","href":"https:\/\/api.w.org\/{rel}","templated":true}]}}